{"id":789,"date":"2024-09-09T17:14:34","date_gmt":"2024-09-09T20:14:34","guid":{"rendered":"https:\/\/enzotorres.cl\/diazwiechers.com?page_id=789"},"modified":"2024-10-24T13:19:00","modified_gmt":"2024-10-24T16:19:00","slug":"representative-clients","status":"publish","type":"page","link":"https:\/\/diazwiechers.com\/en\/representative-clients\/","title":{"rendered":"Representative Clients"},"content":{"rendered":"\t\t<div data-elementor-type=\"wp-page\" data-elementor-id=\"789\" class=\"elementor elementor-789\" data-elementor-post-type=\"page\">\n\t\t\t\t\t\t<section class=\"elementor-section elementor-top-section elementor-element elementor-element-7acb39d elementor-section-boxed elementor-section-height-default elementor-section-height-default\" data-id=\"7acb39d\" data-element_type=\"section\">\n\t\t\t\t\t\t<div class=\"elementor-container elementor-column-gap-default\">\n\t\t\t\t\t<div class=\"elementor-column elementor-col-100 elementor-top-column elementor-element elementor-element-f6cb073\" data-id=\"f6cb073\" data-element_type=\"column\">\n\t\t\t<div class=\"elementor-widget-wrap elementor-element-populated\">\n\t\t\t\t\t\t<section class=\"elementor-section elementor-inner-section elementor-element elementor-element-a9d66e4 elementor-section-boxed elementor-section-height-default elementor-section-height-default\" data-id=\"a9d66e4\" data-element_type=\"section\">\n\t\t\t\t\t\t<div class=\"elementor-container elementor-column-gap-default\">\n\t\t\t\t\t<div class=\"elementor-column elementor-col-100 elementor-inner-column elementor-element elementor-element-e286797\" data-id=\"e286797\" data-element_type=\"column\">\n\t\t\t<div class=\"elementor-widget-wrap elementor-element-populated\">\n\t\t\t\t\t\t<div class=\"elementor-element elementor-element-13bf7cb elementor-widget elementor-widget-heading\" data-id=\"13bf7cb\" data-element_type=\"widget\" data-widget_type=\"heading.default\">\n\t\t\t\t<div class=\"elementor-widget-container\">\n\t\t\t<h2 class=\"elementor-heading-title elementor-size-default\">REPRESENTATIVE CLIENTS\n<\/h2>\t\t<\/div>\n\t\t\t\t<\/div>\n\t\t\t\t<div class=\"elementor-element elementor-element-187e77d elementor-widget elementor-widget-heading\" data-id=\"187e77d\" data-element_type=\"widget\" data-widget_type=\"heading.default\">\n\t\t\t\t<div class=\"elementor-widget-container\">\n\t\t\t<h2 class=\"elementor-heading-title elementor-size-default\"><FONT SIZE=\"4\">D<\/font>\u00cdAZ<\/font><FONT SIZE=\"4\">W<\/font>IECHERS - Intellectual and Industrial Property<\/h2>\t\t<\/div>\n\t\t\t\t<\/div>\n\t\t\t\t\t<\/div>\n\t\t<\/div>\n\t\t\t\t\t<\/div>\n\t\t<\/section>\n\t\t\t\t<div class=\"elementor-element elementor-element-c5e2e59 elementor-widget elementor-widget-spacer\" data-id=\"c5e2e59\" data-element_type=\"widget\" data-widget_type=\"spacer.default\">\n\t\t\t\t<div class=\"elementor-widget-container\">\n\t\t\t\t\t<div class=\"elementor-spacer\">\n\t\t\t<div class=\"elementor-spacer-inner\"><\/div>\n\t\t<\/div>\n\t\t\t\t<\/div>\n\t\t\t\t<\/div>\n\t\t\t\t<div class=\"elementor-element elementor-element-2423e03 elementor-tabs-view-vertical elementor-widget elementor-widget-tabs\" data-id=\"2423e03\" data-element_type=\"widget\" data-widget_type=\"tabs.default\">\n\t\t\t\t<div class=\"elementor-widget-container\">\n\t\t\t\t\t<div class=\"elementor-tabs\">\n\t\t\t<div class=\"elementor-tabs-wrapper\" role=\"tablist\" >\n\t\t\t\t\t\t\t\t\t<div id=\"elementor-tab-title-3781\" class=\"elementor-tab-title elementor-tab-desktop-title\" aria-selected=\"true\" data-tab=\"1\" role=\"tab\" tabindex=\"0\" aria-controls=\"elementor-tab-content-3781\" aria-expanded=\"false\">CHILEAN <\/div>\n\t\t\t\t\t\t\t\t\t<div id=\"elementor-tab-title-3782\" class=\"elementor-tab-title elementor-tab-desktop-title\" aria-selected=\"false\" data-tab=\"2\" role=\"tab\" tabindex=\"-1\" aria-controls=\"elementor-tab-content-3782\" aria-expanded=\"false\">FOREIGN<\/div>\n\t\t\t\t\t\t\t<\/div>\n\t\t\t<div class=\"elementor-tabs-content-wrapper\" role=\"tablist\" aria-orientation=\"vertical\">\n\t\t\t\t\t\t\t\t\t<div class=\"elementor-tab-title elementor-tab-mobile-title\" aria-selected=\"true\" data-tab=\"1\" role=\"tab\" tabindex=\"0\" aria-controls=\"elementor-tab-content-3781\" aria-expanded=\"false\">CHILEAN <\/div>\n\t\t\t\t\t<div id=\"elementor-tab-content-3781\" class=\"elementor-tab-content elementor-clearfix\" data-tab=\"1\" role=\"tabpanel\" aria-labelledby=\"elementor-tab-title-3781\" tabindex=\"0\" hidden=\"false\"><ul><li>Valdivia Lilies SpA<\/li><li>Viveros Hijuelas S.A.<\/li><li>Vi\u00f1a Chocal\u00e1n SpA<\/li><li>Vi\u00f1a Corral Victoria Ltda.<\/li><li>Vi\u00f1a William Fevre Chile S.A.<\/li><li>Southern Bulbs S.A.<\/li><li>Socomisch y C\u00eda. Ltda.<\/li><li>Confecciones Saba Ltda.<\/li><li>Schaffner S.A.<\/li><li>Frutam S.A.<\/li><li>Embajada de Holanda en Chile<\/li><li>Leonardo Farkas<\/li><li>Asociaci\u00f3n de Bancos e Instituciones Financieras de Chile A.G.<\/li><li>Comercial Lo Espejo Maquinarias y Equipos S.A.<\/li><li>Cristaler\u00edas Toro SpA<\/li><li>Ducasse Industrial S.A.<\/li><\/ul><\/div>\n\t\t\t\t\t\t\t\t\t<div class=\"elementor-tab-title elementor-tab-mobile-title\" aria-selected=\"false\" data-tab=\"2\" role=\"tab\" tabindex=\"-1\" aria-controls=\"elementor-tab-content-3782\" aria-expanded=\"false\">FOREIGN<\/div>\n\t\t\t\t\t<div id=\"elementor-tab-content-3782\" class=\"elementor-tab-content elementor-clearfix\" data-tab=\"2\" role=\"tabpanel\" aria-labelledby=\"elementor-tab-title-3782\" tabindex=\"0\" hidden=\"hidden\"><ul><li>Fall Creek Farm &amp; Nursery, Inc. (USA)<\/li><li>Oregon State University<\/li><li>Sunview Vineyards of California, Inc. (USA)<\/li><li>Vletter &amp; Den Haan Beheer B.V. (Holanda)<\/li><li>The University of Georgia Research Foundation<\/li><li>ENZAFRUIT New Zealand International Limited<\/li><li>United Exports PTY Ltd. (Australia)<\/li><li>Florida Foundation Seed Producers, Inc.<\/li><li>Novomatic AG (Austria)<\/li><li>Alexander Prinz von Sachsen, Markgraf von Meissen<\/li><li>C.I.V. Consorzio Italiano Vivaisti (Italia)<\/li><li>Anton George Caratan (USA)<\/li><li>Expoberries, S.A. de C.V.<\/li><\/ul><\/div>\n\t\t\t\t\t\t\t<\/div>\n\t\t<\/div>\n\t\t\t\t<\/div>\n\t\t\t\t<\/div>\n\t\t\t\t\t<\/div>\n\t\t<\/div>\n\t\t\t\t\t<\/div>\n\t\t<\/section>\n\t\t\t\t<\/div>\n\t\t","protected":false},"excerpt":{"rendered":"<p>REPRESENTATIVE CLIENTS D\u00cdAZWIECHERS &#8211; Intellectual and Industrial Property CHILEAN FOREIGN CHILEAN Valdivia Lilies SpA Viveros Hijuelas S.A. Vi\u00f1a Chocal\u00e1n SpA Vi\u00f1a Corral Victoria Ltda. Vi\u00f1a William Fevre Chile S.A. Southern Bulbs S.A. Socomisch y C\u00eda. Ltda. Confecciones Saba Ltda. Schaffner S.A. Frutam S.A. Embajada de Holanda en Chile Leonardo Farkas<\/p>\n","protected":false},"author":1,"featured_media":0,"parent":0,"menu_order":0,"comment_status":"closed","ping_status":"closed","template":"","meta":{"footnotes":""},"class_list":["post-789","page","type-page","status-publish"],"_links":{"self":[{"href":"https:\/\/diazwiechers.com\/en\/wp-json\/wp\/v2\/pages\/789","targetHints":{"allow":["GET"]}}],"collection":[{"href":"https:\/\/diazwiechers.com\/en\/wp-json\/wp\/v2\/pages"}],"about":[{"href":"https:\/\/diazwiechers.com\/en\/wp-json\/wp\/v2\/types\/page"}],"author":[{"embeddable":true,"href":"https:\/\/diazwiechers.com\/en\/wp-json\/wp\/v2\/users\/1"}],"replies":[{"embeddable":true,"href":"https:\/\/diazwiechers.com\/en\/wp-json\/wp\/v2\/comments?post=789"}],"version-history":[{"count":12,"href":"https:\/\/diazwiechers.com\/en\/wp-json\/wp\/v2\/pages\/789\/revisions"}],"predecessor-version":[{"id":1562,"href":"https:\/\/diazwiechers.com\/en\/wp-json\/wp\/v2\/pages\/789\/revisions\/1562"}],"wp:attachment":[{"href":"https:\/\/diazwiechers.com\/en\/wp-json\/wp\/v2\/media?parent=789"}],"curies":[{"name":"wp","href":"https:\/\/api.w.org\/{rel}","templated":true}]}}